{"id":14591,"date":"2024-10-13T13:16:24","date_gmt":"2024-10-13T13:16:24","guid":{"rendered":"https:\/\/karlamanzanilla.com\/?page_id=14591"},"modified":"2024-10-13T13:47:45","modified_gmt":"2024-10-13T13:47:45","slug":"tca-free-ebook","status":"publish","type":"page","link":"https:\/\/karlamanzanilla.com\/en\/tca-free-ebook\/","title":{"rendered":"TCA Free Ebook"},"content":{"rendered":"\t\t<div data-elementor-type=\"wp-page\" data-elementor-id=\"14591\" class=\"elementor elementor-14591\" data-elementor-post-type=\"page\">\n\t\t\t\t<div class=\"elementor-element elementor-element-e19d268 e-flex e-con-boxed e-con e-parent\" data-id=\"e19d268\" data-element_type=\"container\" data-settings=\"{&quot;background_background&quot;:&quot;classic&quot;}\">\n\t\t\t\t\t<div class=\"e-con-inner\">\n\t\t<div class=\"elementor-element elementor-element-5b17c8b e-grid e-con-boxed e-con e-child\" data-id=\"5b17c8b\" data-element_type=\"container\">\n\t\t\t\t\t<div class=\"e-con-inner\">\n\t\t<div class=\"elementor-element elementor-element-0230263 e-flex e-con-boxed e-con e-child\" data-id=\"0230263\" data-element_type=\"container\">\n\t\t\t\t\t<div class=\"e-con-inner\">\n\t\t\t\t<div class=\"elementor-element elementor-element-469d1fe elementor-widget elementor-widget-image\" data-id=\"469d1fe\" data-element_type=\"widget\" data-widget_type=\"image.default\">\n\t\t\t\t<div class=\"elementor-widget-container\">\n\t\t\t\t\t\t\t\t\t\t\t\t\t\t\t<img decoding=\"async\" src=\"https:\/\/karlamanzanilla.com\/wp-content\/uploads\/elementor\/thumbs\/flor3-qwbtdgb8scc4f25ilc4s5b7nyqhfbnq1z6h51id2uc.png\" title=\"\" alt=\"\" loading=\"lazy\" \/>\t\t\t\t\t\t\t\t\t\t\t\t\t\t\t<\/div>\n\t\t\t\t<\/div>\n\t\t\t\t<div class=\"elementor-element elementor-element-d3658c6 elementor-widget elementor-widget-heading\" data-id=\"d3658c6\" data-element_type=\"widget\" data-widget_type=\"heading.default\">\n\t\t\t\t<div class=\"elementor-widget-container\">\n\t\t\t\t\t<h1 class=\"elementor-heading-title elementor-size-default\">Descubre C\u00f3mo Identificar los Signos de un Trastorno de la Conducta Alimentaria<\/h1>\t\t\t\t<\/div>\n\t\t\t\t<\/div>\n\t\t\t\t<div class=\"elementor-element elementor-element-d2495f0 elementor-widget elementor-widget-text-editor\" data-id=\"d2495f0\" data-element_type=\"widget\" data-widget_type=\"text-editor.default\">\n\t\t\t\t<div class=\"elementor-widget-container\">\n\t\t\t\t\t\t\t\t\t<p>Una gu\u00eda esencial para cualquiera que desee aprender a reconocer y comprender los trastornos de la conducta alimentaria (TCA) en personas cercanas.<\/p>\t\t\t\t\t\t\t\t<\/div>\n\t\t\t\t<\/div>\n\t\t\t\t\t<\/div>\n\t\t\t\t<\/div>\n\t\t<div class=\"elementor-element elementor-element-6774310 e-con-full e-flex e-con e-child\" data-id=\"6774310\" data-element_type=\"container\">\n\t\t\t\t<div class=\"elementor-element elementor-element-f0bafbc elementor-widget elementor-widget-image\" data-id=\"f0bafbc\" data-element_type=\"widget\" data-widget_type=\"image.default\">\n\t\t\t\t<div class=\"elementor-widget-container\">\n\t\t\t\t\t\t\t\t\t\t\t\t\t\t\t<img fetchpriority=\"high\" decoding=\"async\" width=\"800\" height=\"800\" src=\"https:\/\/karlamanzanilla.com\/wp-content\/uploads\/2024\/10\/463shots_so.jpg\" class=\"attachment-large size-large wp-image-14594\" alt=\"\" srcset=\"https:\/\/karlamanzanilla.com\/wp-content\/uploads\/2024\/10\/463shots_so.jpg 960w, https:\/\/karlamanzanilla.com\/wp-content\/uploads\/2024\/10\/463shots_so-300x300.jpg 300w, https:\/\/karlamanzanilla.com\/wp-content\/uploads\/2024\/10\/463shots_so-150x150.jpg 150w, https:\/\/karlamanzanilla.com\/wp-content\/uploads\/2024\/10\/463shots_so-768x768.jpg 768w, https:\/\/karlamanzanilla.com\/wp-content\/uploads\/2024\/10\/463shots_so-12x12.jpg 12w\" sizes=\"(max-width: 800px) 100vw, 800px\" \/>\t\t\t\t\t\t\t\t\t\t\t\t\t\t\t<\/div>\n\t\t\t\t<\/div>\n\t\t\t\t<\/div>\n\t\t\t\t\t<\/div>\n\t\t\t\t<\/div>\n\t\t\t\t\t<\/div>\n\t\t\t\t<\/div>\n\t\t<div class=\"elementor-element elementor-element-bfb25b6 e-flex e-con-boxed e-con e-parent\" data-id=\"bfb25b6\" data-element_type=\"container\" data-settings=\"{&quot;background_background&quot;:&quot;classic&quot;}\">\n\t\t\t\t\t<div class=\"e-con-inner\">\n\t\t<div class=\"elementor-element elementor-element-d3541dc e-grid e-con-boxed e-con e-child\" data-id=\"d3541dc\" data-element_type=\"container\">\n\t\t\t\t\t<div class=\"e-con-inner\">\n\t\t<div class=\"elementor-element elementor-element-4aaf504 e-con-full e-flex e-con e-child\" data-id=\"4aaf504\" data-element_type=\"container\">\n\t\t\t\t<div class=\"elementor-element elementor-element-67dc77e elementor-widget elementor-widget-text-editor\" data-id=\"67dc77e\" data-element_type=\"widget\" data-widget_type=\"text-editor.default\">\n\t\t\t\t<div class=\"elementor-widget-container\">\n\t\t\t\t\t\t\t\t\t<p>Enfrentar un trastorno de la conducta alimentaria (TCA) es complejo. Nuestra gu\u00eda gratuita te ofrece herramientas para identificar los signos y s\u00edntomas, junto con informaci\u00f3n pr\u00e1ctica para brindar apoyo.<\/p>\t\t\t\t\t\t\t\t<\/div>\n\t\t\t\t<\/div>\n\t\t\t\t<div class=\"elementor-element elementor-element-a8c66ff elementor-widget elementor-widget-text-editor\" data-id=\"a8c66ff\" data-element_type=\"widget\" data-widget_type=\"text-editor.default\">\n\t\t\t\t<div class=\"elementor-widget-container\">\n\t\t\t\t\t\t\t\t\t<ul><li>Identifica cambios de personalidad que pueden indicar un TCA.<\/li><li>Reconoce los s\u00edntomas f\u00edsicos m\u00e1s comunes.<\/li><li>Comprende las conductas asociadas a los TCA.<\/li><li>Accede a 12 acciones efectivas para apoyar en el proceso de recuperaci\u00f3n.<\/li><li>Descubre c\u00f3mo tu ayuda puede marcar la diferencia.<\/li><\/ul>\t\t\t\t\t\t\t\t<\/div>\n\t\t\t\t<\/div>\n\t\t\t\t<\/div>\n\t\t<div class=\"elementor-element elementor-element-cdf671d e-con-full e-flex e-con e-child\" data-id=\"cdf671d\" data-element_type=\"container\" data-settings=\"{&quot;background_background&quot;:&quot;gradient&quot;}\">\n\t\t\t\t<div class=\"elementor-element elementor-element-7745da8 elementor-widget elementor-widget-text-editor\" data-id=\"7745da8\" data-element_type=\"widget\" data-widget_type=\"text-editor.default\">\n\t\t\t\t<div class=\"elementor-widget-container\">\n\t\t\t\t\t\t\t\t\t<p>Descarga la Gu\u00eda Gratuita Ahora<\/p>\t\t\t\t\t\t\t\t<\/div>\n\t\t\t\t<\/div>\n\t\t\t\t<div class=\"elementor-element elementor-element-85c1970 elementor-widget elementor-widget-text-editor\" data-id=\"85c1970\" data-element_type=\"widget\" data-widget_type=\"text-editor.default\">\n\t\t\t\t<div class=\"elementor-widget-container\">\n\t\t\t\t\t\t\t\t\t<p>Deja tus datos en el formulario y obt\u00e9n acceso inmediato a nuestra gu\u00eda. Empieza a apoyar a tu hijo\/a hoy mismo.<\/p>\t\t\t\t\t\t\t\t<\/div>\n\t\t\t\t<\/div>\n\t\t\t\t<div class=\"elementor-element elementor-element-7c55559 elementor-widget elementor-widget-wpforms\" data-id=\"7c55559\" data-element_type=\"widget\" data-widget_type=\"wpforms.default\">\n\t\t\t\t<div class=\"elementor-widget-container\">\n\t\t\t\t\t<div class=\"wpforms-container \" id=\"wpforms-14588\"><form id=\"wpforms-form-14588\" class=\"wpforms-validate wpforms-form wpforms-ajax-form\" data-formid=\"14588\" method=\"post\" enctype=\"multipart\/form-data\" action=\"\/en\/wp-json\/wp\/v2\/pages\/14591\" data-token=\"afb7b513903bfa76dc6f570b1c0faa44\" data-token-time=\"1777723451\"><noscript class=\"wpforms-error-noscript\">Please enable JavaScript in your browser to complete this form.<\/noscript><div class=\"wpforms-field-container\"><div id=\"wpforms-14588-field_1-container\" class=\"wpforms-field wpforms-field-name\" data-field-id=\"1\"><label class=\"wpforms-field-label wpforms-label-hide\" for=\"wpforms-14588-field_1\">Nombre <span class=\"wpforms-required-label\">*<\/span><\/label><input type=\"text\" id=\"wpforms-14588-field_1\" class=\"wpforms-field-large wpforms-field-required\" name=\"wpforms[fields][1]\" placeholder=\"Nombre:\" required><\/div><div id=\"wpforms-14588-field_2-container\" class=\"wpforms-field wpforms-field-email\" data-field-id=\"2\"><label class=\"wpforms-field-label wpforms-label-hide\" for=\"wpforms-14588-field_2\">Email <span class=\"wpforms-required-label\">*<\/span><\/label><input type=\"email\" id=\"wpforms-14588-field_2\" class=\"wpforms-field-large wpforms-field-required\" name=\"wpforms[fields][2]\" placeholder=\"Email:\" spellcheck=\"false\" required><\/div><\/div><!-- .wpforms-field-container --><div class=\"wpforms-recaptcha-container wpforms-is-recaptcha wpforms-is-recaptcha-type-v3\" ><input type=\"hidden\" name=\"wpforms[recaptcha]\" value=\"\"><\/div><div class=\"wpforms-submit-container\" ><input type=\"hidden\" name=\"wpforms[id]\" value=\"14588\"><input type=\"hidden\" name=\"page_title\" value=\"\"><input type=\"hidden\" name=\"page_url\" value=\"https:\/\/karlamanzanilla.com\/en\/wp-json\/wp\/v2\/pages\/14591\"><input type=\"hidden\" name=\"url_referer\" value=\"\"><button type=\"submit\" name=\"wpforms[submit]\" id=\"wpforms-submit-14588\" class=\"wpforms-submit\" data-alt-text=\"Enviando...\" data-submit-text=\"Enviar\" aria-live=\"assertive\" value=\"wpforms-submit\">Enviar<\/button><img decoding=\"async\" src=\"https:\/\/karlamanzanilla.com\/wp-content\/plugins\/wpforms-lite\/assets\/images\/submit-spin.svg\" class=\"wpforms-submit-spinner\" style=\"display: none;\" width=\"26\" height=\"26\" alt=\"Loading\"><\/div><\/form><\/div>  <!-- .wpforms-container -->\t\t\t\t<\/div>\n\t\t\t\t<\/div>\n\t\t\t\t<\/div>\n\t\t\t\t\t<\/div>\n\t\t\t\t<\/div>\n\t\t\t\t\t<\/div>\n\t\t\t\t<\/div>\n\t\t\t\t<\/div>\n\t\t","protected":false},"excerpt":{"rendered":"<p>Descubre C\u00f3mo Identificar los Signos de un Trastorno de la&hellip;<\/p>\n<p> <a class=\"more-link\" href=\"https:\/\/karlamanzanilla.com\/en\/tca-free-ebook\/\">Read more<\/a><\/p>","protected":false},"author":1,"featured_media":0,"parent":0,"menu_order":0,"comment_status":"closed","ping_status":"closed","template":"","meta":{"footnotes":""},"class_list":["post-14591","page","type-page","status-publish"],"yoast_head":"<!-- This site is optimized with the Yoast SEO plugin v27.3 - https:\/\/yoast.com\/product\/yoast-seo-wordpress\/ -->\n<title>TCA Free Ebook - Karla Manzanilla<\/title>\n<meta name=\"robots\" content=\"index, follow, max-snippet:-1, max-image-preview:large, max-video-preview:-1\" \/>\n<link rel=\"canonical\" href=\"https:\/\/karlamanzanilla.com\/en\/tca-free-ebook\/\" \/>\n<meta property=\"og:locale\" content=\"en_US\" \/>\n<meta property=\"og:type\" content=\"article\" \/>\n<meta property=\"og:title\" content=\"TCA Free Ebook - Karla Manzanilla\" \/>\n<meta property=\"og:description\" content=\"Descubre C\u00f3mo Identificar los Signos de un Trastorno de la&hellip;  Read more\" \/>\n<meta property=\"og:url\" content=\"https:\/\/karlamanzanilla.com\/en\/tca-free-ebook\/\" \/>\n<meta property=\"og:site_name\" content=\"Karla Manzanilla\" \/>\n<meta property=\"article:modified_time\" content=\"2024-10-13T13:47:45+00:00\" \/>\n<meta property=\"og:image\" content=\"https:\/\/karlamanzanilla.com\/wp-content\/uploads\/elementor\/thumbs\/flor3-qnghl7ccgta6gftpp5k7ih4ecvtsimv0gj0847aco4.png\" \/>\n<meta name=\"twitter:card\" content=\"summary_large_image\" \/>\n<meta name=\"twitter:label1\" content=\"Est. reading time\" \/>\n\t<meta name=\"twitter:data1\" content=\"2 minutes\" \/>\n<script type=\"application\/ld+json\" class=\"yoast-schema-graph\">{\"@context\":\"https:\\\/\\\/schema.org\",\"@graph\":[{\"@type\":\"WebPage\",\"@id\":\"https:\\\/\\\/karlamanzanilla.com\\\/tca-free-ebook\\\/\",\"url\":\"https:\\\/\\\/karlamanzanilla.com\\\/tca-free-ebook\\\/\",\"name\":\"TCA Free Ebook - Karla Manzanilla\",\"isPartOf\":{\"@id\":\"https:\\\/\\\/karlamanzanilla.com\\\/#website\"},\"primaryImageOfPage\":{\"@id\":\"https:\\\/\\\/karlamanzanilla.com\\\/tca-free-ebook\\\/#primaryimage\"},\"image\":{\"@id\":\"https:\\\/\\\/karlamanzanilla.com\\\/tca-free-ebook\\\/#primaryimage\"},\"thumbnailUrl\":\"https:\\\/\\\/karlamanzanilla.com\\\/wp-content\\\/uploads\\\/elementor\\\/thumbs\\\/flor3-qnghl7ccgta6gftpp5k7ih4ecvtsimv0gj0847aco4.png\",\"datePublished\":\"2024-10-13T13:16:24+00:00\",\"dateModified\":\"2024-10-13T13:47:45+00:00\",\"breadcrumb\":{\"@id\":\"https:\\\/\\\/karlamanzanilla.com\\\/tca-free-ebook\\\/#breadcrumb\"},\"inLanguage\":\"en-US\",\"potentialAction\":[{\"@type\":\"ReadAction\",\"target\":[\"https:\\\/\\\/karlamanzanilla.com\\\/tca-free-ebook\\\/\"]}]},{\"@type\":\"ImageObject\",\"inLanguage\":\"en-US\",\"@id\":\"https:\\\/\\\/karlamanzanilla.com\\\/tca-free-ebook\\\/#primaryimage\",\"url\":\"https:\\\/\\\/karlamanzanilla.com\\\/wp-content\\\/uploads\\\/elementor\\\/thumbs\\\/flor3-qnghl7ccgta6gftpp5k7ih4ecvtsimv0gj0847aco4.png\",\"contentUrl\":\"https:\\\/\\\/karlamanzanilla.com\\\/wp-content\\\/uploads\\\/elementor\\\/thumbs\\\/flor3-qnghl7ccgta6gftpp5k7ih4ecvtsimv0gj0847aco4.png\"},{\"@type\":\"BreadcrumbList\",\"@id\":\"https:\\\/\\\/karlamanzanilla.com\\\/tca-free-ebook\\\/#breadcrumb\",\"itemListElement\":[{\"@type\":\"ListItem\",\"position\":1,\"name\":\"Portada\",\"item\":\"https:\\\/\\\/karlamanzanilla.com\\\/\"},{\"@type\":\"ListItem\",\"position\":2,\"name\":\"TCA Free Ebook\"}]},{\"@type\":\"WebSite\",\"@id\":\"https:\\\/\\\/karlamanzanilla.com\\\/#website\",\"url\":\"https:\\\/\\\/karlamanzanilla.com\\\/\",\"name\":\"Karla Manzanilla\",\"description\":\"Coaching de recuperaci\u00f3n de TCA\",\"publisher\":{\"@id\":\"https:\\\/\\\/karlamanzanilla.com\\\/#\\\/schema\\\/person\\\/bfe531cd33de192499427d82ff8ee49f\"},\"potentialAction\":[{\"@type\":\"SearchAction\",\"target\":{\"@type\":\"EntryPoint\",\"urlTemplate\":\"https:\\\/\\\/karlamanzanilla.com\\\/?s={search_term_string}\"},\"query-input\":{\"@type\":\"PropertyValueSpecification\",\"valueRequired\":true,\"valueName\":\"search_term_string\"}}],\"inLanguage\":\"en-US\"},{\"@type\":[\"Person\",\"Organization\"],\"@id\":\"https:\\\/\\\/karlamanzanilla.com\\\/#\\\/schema\\\/person\\\/bfe531cd33de192499427d82ff8ee49f\",\"name\":\"admin\",\"image\":{\"@type\":\"ImageObject\",\"inLanguage\":\"en-US\",\"@id\":\"https:\\\/\\\/karlamanzanilla.com\\\/wp-content\\\/uploads\\\/2024\\\/04\\\/cropped-logo-karla-1.png\",\"url\":\"https:\\\/\\\/karlamanzanilla.com\\\/wp-content\\\/uploads\\\/2024\\\/04\\\/cropped-logo-karla-1.png\",\"contentUrl\":\"https:\\\/\\\/karlamanzanilla.com\\\/wp-content\\\/uploads\\\/2024\\\/04\\\/cropped-logo-karla-1.png\",\"width\":1920,\"height\":652,\"caption\":\"admin\"},\"logo\":{\"@id\":\"https:\\\/\\\/karlamanzanilla.com\\\/wp-content\\\/uploads\\\/2024\\\/04\\\/cropped-logo-karla-1.png\"},\"sameAs\":[\"https:\\\/\\\/karlamanzanilla.com\"]}]}<\/script>\n<!-- \/ Yoast SEO plugin. -->","yoast_head_json":{"title":"TCA Free Ebook - Karla Manzanilla","robots":{"index":"index","follow":"follow","max-snippet":"max-snippet:-1","max-image-preview":"max-image-preview:large","max-video-preview":"max-video-preview:-1"},"canonical":"https:\/\/karlamanzanilla.com\/en\/tca-free-ebook\/","og_locale":"en_US","og_type":"article","og_title":"TCA Free Ebook - Karla Manzanilla","og_description":"Descubre C\u00f3mo Identificar los Signos de un Trastorno de la&hellip;  Read more","og_url":"https:\/\/karlamanzanilla.com\/en\/tca-free-ebook\/","og_site_name":"Karla Manzanilla","article_modified_time":"2024-10-13T13:47:45+00:00","og_image":[{"url":"https:\/\/karlamanzanilla.com\/wp-content\/uploads\/elementor\/thumbs\/flor3-qnghl7ccgta6gftpp5k7ih4ecvtsimv0gj0847aco4.png","type":"","width":"","height":""}],"twitter_card":"summary_large_image","twitter_misc":{"Est. reading time":"2 minutes"},"schema":{"@context":"https:\/\/schema.org","@graph":[{"@type":"WebPage","@id":"https:\/\/karlamanzanilla.com\/tca-free-ebook\/","url":"https:\/\/karlamanzanilla.com\/tca-free-ebook\/","name":"TCA Free Ebook - Karla Manzanilla","isPartOf":{"@id":"https:\/\/karlamanzanilla.com\/#website"},"primaryImageOfPage":{"@id":"https:\/\/karlamanzanilla.com\/tca-free-ebook\/#primaryimage"},"image":{"@id":"https:\/\/karlamanzanilla.com\/tca-free-ebook\/#primaryimage"},"thumbnailUrl":"https:\/\/karlamanzanilla.com\/wp-content\/uploads\/elementor\/thumbs\/flor3-qnghl7ccgta6gftpp5k7ih4ecvtsimv0gj0847aco4.png","datePublished":"2024-10-13T13:16:24+00:00","dateModified":"2024-10-13T13:47:45+00:00","breadcrumb":{"@id":"https:\/\/karlamanzanilla.com\/tca-free-ebook\/#breadcrumb"},"inLanguage":"en-US","potentialAction":[{"@type":"ReadAction","target":["https:\/\/karlamanzanilla.com\/tca-free-ebook\/"]}]},{"@type":"ImageObject","inLanguage":"en-US","@id":"https:\/\/karlamanzanilla.com\/tca-free-ebook\/#primaryimage","url":"https:\/\/karlamanzanilla.com\/wp-content\/uploads\/elementor\/thumbs\/flor3-qnghl7ccgta6gftpp5k7ih4ecvtsimv0gj0847aco4.png","contentUrl":"https:\/\/karlamanzanilla.com\/wp-content\/uploads\/elementor\/thumbs\/flor3-qnghl7ccgta6gftpp5k7ih4ecvtsimv0gj0847aco4.png"},{"@type":"BreadcrumbList","@id":"https:\/\/karlamanzanilla.com\/tca-free-ebook\/#breadcrumb","itemListElement":[{"@type":"ListItem","position":1,"name":"Portada","item":"https:\/\/karlamanzanilla.com\/"},{"@type":"ListItem","position":2,"name":"TCA Free Ebook"}]},{"@type":"WebSite","@id":"https:\/\/karlamanzanilla.com\/#website","url":"https:\/\/karlamanzanilla.com\/","name":"Karla Manzanilla","description":"Coaching de recuperaci\u00f3n de TCA","publisher":{"@id":"https:\/\/karlamanzanilla.com\/#\/schema\/person\/bfe531cd33de192499427d82ff8ee49f"},"potentialAction":[{"@type":"SearchAction","target":{"@type":"EntryPoint","urlTemplate":"https:\/\/karlamanzanilla.com\/?s={search_term_string}"},"query-input":{"@type":"PropertyValueSpecification","valueRequired":true,"valueName":"search_term_string"}}],"inLanguage":"en-US"},{"@type":["Person","Organization"],"@id":"https:\/\/karlamanzanilla.com\/#\/schema\/person\/bfe531cd33de192499427d82ff8ee49f","name":"admin","image":{"@type":"ImageObject","inLanguage":"en-US","@id":"https:\/\/karlamanzanilla.com\/wp-content\/uploads\/2024\/04\/cropped-logo-karla-1.png","url":"https:\/\/karlamanzanilla.com\/wp-content\/uploads\/2024\/04\/cropped-logo-karla-1.png","contentUrl":"https:\/\/karlamanzanilla.com\/wp-content\/uploads\/2024\/04\/cropped-logo-karla-1.png","width":1920,"height":652,"caption":"admin"},"logo":{"@id":"https:\/\/karlamanzanilla.com\/wp-content\/uploads\/2024\/04\/cropped-logo-karla-1.png"},"sameAs":["https:\/\/karlamanzanilla.com"]}]}},"_links":{"self":[{"href":"https:\/\/karlamanzanilla.com\/en\/wp-json\/wp\/v2\/pages\/14591","targetHints":{"allow":["GET"]}}],"collection":[{"href":"https:\/\/karlamanzanilla.com\/en\/wp-json\/wp\/v2\/pages"}],"about":[{"href":"https:\/\/karlamanzanilla.com\/en\/wp-json\/wp\/v2\/types\/page"}],"author":[{"embeddable":true,"href":"https:\/\/karlamanzanilla.com\/en\/wp-json\/wp\/v2\/users\/1"}],"replies":[{"embeddable":true,"href":"https:\/\/karlamanzanilla.com\/en\/wp-json\/wp\/v2\/comments?post=14591"}],"version-history":[{"count":4,"href":"https:\/\/karlamanzanilla.com\/en\/wp-json\/wp\/v2\/pages\/14591\/revisions"}],"predecessor-version":[{"id":14597,"href":"https:\/\/karlamanzanilla.com\/en\/wp-json\/wp\/v2\/pages\/14591\/revisions\/14597"}],"wp:attachment":[{"href":"https:\/\/karlamanzanilla.com\/en\/wp-json\/wp\/v2\/media?parent=14591"}],"curies":[{"name":"wp","href":"https:\/\/api.w.org\/{rel}","templated":true}]}}