{"id":14350,"date":"2024-07-07T19:48:30","date_gmt":"2024-07-07T19:48:30","guid":{"rendered":"https:\/\/karlamanzanilla.com\/?page_id=14350"},"modified":"2024-07-08T19:44:40","modified_gmt":"2024-07-08T19:44:40","slug":"thx-tca","status":"publish","type":"page","link":"https:\/\/karlamanzanilla.com\/en\/thx-tca\/","title":{"rendered":"TCA thx"},"content":{"rendered":"<div data-elementor-type=\"wp-page\" data-elementor-id=\"14350\" class=\"elementor elementor-14350\" data-elementor-post-type=\"page\">\n\t\t\t\t<div class=\"elementor-element elementor-element-3b08faf e-grid e-con-boxed e-con e-parent\" data-id=\"3b08faf\" data-element_type=\"container\" data-settings=\"{&quot;background_background&quot;:&quot;classic&quot;}\">\n\t\t\t\t\t<div class=\"e-con-inner\">\n\t\t<div class=\"elementor-element elementor-element-0ebe1cd e-con-full e-grid e-con e-child\" data-id=\"0ebe1cd\" data-element_type=\"container\">\n\t\t\t\t<div class=\"elementor-element elementor-element-541e548 elementor-widget elementor-widget-image\" data-id=\"541e548\" data-element_type=\"widget\" data-widget_type=\"image.default\">\n\t\t\t\t<div class=\"elementor-widget-container\">\n\t\t\t\t\t\t\t\t\t\t\t\t\t\t\t<img decoding=\"async\" src=\"https:\/\/karlamanzanilla.com\/wp-content\/uploads\/elementor\/thumbs\/flor3-qwbtdgb8scc4f25ilc4s5b7nyqhfbnq1z6h51id2uc.png\" title=\"\" alt=\"\" loading=\"lazy\" \/>\t\t\t\t\t\t\t\t\t\t\t\t\t\t\t<\/div>\n\t\t\t\t<\/div>\n\t\t\t\t<div class=\"elementor-element elementor-element-95eb320 elementor-widget elementor-widget-image\" data-id=\"95eb320\" data-element_type=\"widget\" data-widget_type=\"image.default\">\n\t\t\t\t<div class=\"elementor-widget-container\">\n\t\t\t\t\t\t\t\t\t\t\t\t\t\t\t<img fetchpriority=\"high\" decoding=\"async\" width=\"800\" height=\"272\" src=\"https:\/\/karlamanzanilla.com\/wp-content\/uploads\/2024\/04\/cropped-logo-karla-1-1024x348.png\" class=\"attachment-large size-large wp-image-12006\" alt=\"\" srcset=\"https:\/\/karlamanzanilla.com\/wp-content\/uploads\/2024\/04\/cropped-logo-karla-1-1024x348.png 1024w, https:\/\/karlamanzanilla.com\/wp-content\/uploads\/2024\/04\/cropped-logo-karla-1-300x102.png 300w, https:\/\/karlamanzanilla.com\/wp-content\/uploads\/2024\/04\/cropped-logo-karla-1-768x261.png 768w, https:\/\/karlamanzanilla.com\/wp-content\/uploads\/2024\/04\/cropped-logo-karla-1-1536x522.png 1536w, https:\/\/karlamanzanilla.com\/wp-content\/uploads\/2024\/04\/cropped-logo-karla-1.png 1920w\" sizes=\"(max-width: 800px) 100vw, 800px\" \/>\t\t\t\t\t\t\t\t\t\t\t\t\t\t\t<\/div>\n\t\t\t\t<\/div>\n\t\t\t\t<div class=\"elementor-element elementor-element-e6bbd97 elementor-widget elementor-widget-image\" data-id=\"e6bbd97\" data-element_type=\"widget\" data-widget_type=\"image.default\">\n\t\t\t\t<div class=\"elementor-widget-container\">\n\t\t\t\t\t\t\t\t\t\t\t\t\t\t\t<img decoding=\"async\" src=\"https:\/\/karlamanzanilla.com\/wp-content\/uploads\/elementor\/thumbs\/flores-qwbtdtgzg0u4xlmeghtk47w4a4okbf6aozlxrdtk94.png\" title=\"\" alt=\"\" loading=\"lazy\" \/>\t\t\t\t\t\t\t\t\t\t\t\t\t\t\t<\/div>\n\t\t\t\t<\/div>\n\t\t\t\t<\/div>\n\t\t<div class=\"elementor-element elementor-element-7f211b2 e-con-full e-flex e-con e-child\" data-id=\"7f211b2\" data-element_type=\"container\">\n\t\t\t\t<div class=\"elementor-element elementor-element-4ab3279 elementor-widget elementor-widget-text-editor\" data-id=\"4ab3279\" data-element_type=\"widget\" data-widget_type=\"text-editor.default\">\n\t\t\t\t<div class=\"elementor-widget-container\">\n\t\t\t\t\t\t\t\t\t<p>\u00a1Tenemos m\u00e1s para t\u00ed!<\/p>\t\t\t\t\t\t\t\t<\/div>\n\t\t\t\t<\/div>\n\t\t\t\t<div class=\"elementor-element elementor-element-c5707bf elementor-widget elementor-widget-text-editor\" data-id=\"c5707bf\" data-element_type=\"widget\" data-widget_type=\"text-editor.default\">\n\t\t\t\t<div class=\"elementor-widget-container\">\n\t\t\t\t\t\t\t\t\t<p>Estamos felices de que hayas dado el primer paso para entender y apoyar mejor a tu hijo\/a. La gu\u00eda ya est\u00e1 en camino a tu correo electr\u00f3nico.<\/p>\t\t\t\t\t\t\t\t<\/div>\n\t\t\t\t<\/div>\n\t\t\t\t<\/div>\n\t\t<div class=\"elementor-element elementor-element-0644ee2 e-con-full e-grid e-con e-child\" data-id=\"0644ee2\" data-element_type=\"container\">\n\t\t<div class=\"elementor-element elementor-element-434d66e e-con-full e-flex e-con e-child\" data-id=\"434d66e\" data-element_type=\"container\">\n\t\t\t\t<div class=\"elementor-element elementor-element-7dd9cda elementor-widget elementor-widget-text-editor\" data-id=\"7dd9cda\" data-element_type=\"widget\" data-widget_type=\"text-editor.default\">\n\t\t\t\t<div class=\"elementor-widget-container\">\n\t\t\t\t\t\t\t\t\t<p>Aprovecha la oferta de semana de coaching personalizada para profundizar a\u00fan m\u00e1s en c\u00f3mo puedes ayudar a tu hijo\/a<\/p>\t\t\t\t\t\t\t\t<\/div>\n\t\t\t\t<\/div>\n\t\t<div class=\"elementor-element elementor-element-c5f4694 e-con-full e-flex e-con e-child\" data-id=\"c5f4694\" data-element_type=\"container\">\n\t\t\t\t<div class=\"elementor-element elementor-element-ddf5298 elementor-widget elementor-widget-text-editor\" data-id=\"ddf5298\" data-element_type=\"widget\" data-widget_type=\"text-editor.default\">\n\t\t\t\t<div class=\"elementor-widget-container\">\n\t\t\t\t\t\t\t\t\t<p>Reserva solo por 10 USD<\/p>\t\t\t\t\t\t\t\t<\/div>\n\t\t\t\t<\/div>\n\t\t\t\t<div class=\"elementor-element elementor-element-6d4823f elementor-widget elementor-widget-button\" data-id=\"6d4823f\" data-element_type=\"widget\" data-widget_type=\"button.default\">\n\t\t\t\t<div class=\"elementor-widget-container\">\n\t\t\t\t\t\t\t\t\t<div class=\"elementor-button-wrapper\">\n\t\t\t\t\t<a class=\"elementor-button elementor-button-link elementor-size-sm\" href=\"https:\/\/wa.link\/q2wn4i\">\n\t\t\t\t\t\t<span class=\"elementor-button-content-wrapper\">\n\t\t\t\t\t\t\t\t\t<span class=\"elementor-button-text\">Haz clic aqu\u00ed<\/span>\n\t\t\t\t\t<\/span>\n\t\t\t\t\t<\/a>\n\t\t\t\t<\/div>\n\t\t\t\t\t\t\t\t<\/div>\n\t\t\t\t<\/div>\n\t\t\t\t<\/div>\n\t\t\t\t<\/div>\n\t\t<div class=\"elementor-element elementor-element-a534535 e-con-full e-flex e-con e-child\" data-id=\"a534535\" data-element_type=\"container\">\n\t\t\t\t<div class=\"elementor-element elementor-element-6c846e7 elementor-widget elementor-widget-text-editor\" data-id=\"6c846e7\" data-element_type=\"widget\" data-widget_type=\"text-editor.default\">\n\t\t\t\t<div class=\"elementor-widget-container\">\n\t\t\t\t\t\t\t\t\t<ul><li><strong>Atenci\u00f3n Personalizada:<\/strong> Obt\u00e9n consejos espec\u00edficos adaptados a tu situaci\u00f3n familiar.<\/li><li><strong>Soporte Profesional:<\/strong> Habla directamente con un experto en TCA para resolver tus dudas.<\/li><li><strong>Plan de Acci\u00f3n:<\/strong> Recibe un plan claro y pr\u00e1ctico para apoyar a tu hijo\/a en su recuperaci\u00f3n.<\/li><li><strong>Recursos Adicionales:<\/strong> Accede a materiales y herramientas adicionales que te ser\u00e1n de gran ayuda.<\/li><\/ul>\t\t\t\t\t\t\t\t<\/div>\n\t\t\t\t<\/div>\n\t\t\t\t<\/div>\n\t\t\t\t<\/div>\n\t\t\t\t\t<\/div>\n\t\t\t\t<\/div>\n\t\t\t\t<\/div>","protected":false},"excerpt":{"rendered":"<p>\u00a1Tenemos m\u00e1s para t\u00ed! Estamos felices de que hayas dado&hellip;<\/p>\n<p> <a class=\"more-link\" href=\"https:\/\/karlamanzanilla.com\/en\/thx-tca\/\">Read more<\/a><\/p>","protected":false},"author":1,"featured_media":0,"parent":0,"menu_order":0,"comment_status":"closed","ping_status":"closed","template":"elementor_canvas","meta":{"footnotes":""},"class_list":["post-14350","page","type-page","status-publish"],"yoast_head":"<!-- This site is optimized with the Yoast SEO plugin v27.3 - https:\/\/yoast.com\/product\/yoast-seo-wordpress\/ -->\n<title>TCA thx - Karla Manzanilla<\/title>\n<meta name=\"robots\" content=\"index, follow, max-snippet:-1, max-image-preview:large, max-video-preview:-1\" \/>\n<link rel=\"canonical\" href=\"https:\/\/karlamanzanilla.com\/en\/thx-tca\/\" \/>\n<meta property=\"og:locale\" content=\"en_US\" \/>\n<meta property=\"og:type\" content=\"article\" \/>\n<meta property=\"og:title\" content=\"TCA thx - Karla Manzanilla\" \/>\n<meta property=\"og:description\" content=\"\u00a1Tenemos m\u00e1s para t\u00ed! Estamos felices de que hayas dado&hellip;  Read more\" \/>\n<meta property=\"og:url\" content=\"https:\/\/karlamanzanilla.com\/en\/thx-tca\/\" \/>\n<meta property=\"og:site_name\" content=\"Karla Manzanilla\" \/>\n<meta property=\"article:modified_time\" content=\"2024-07-08T19:44:40+00:00\" \/>\n<meta property=\"og:image\" content=\"https:\/\/karlamanzanilla.com\/wp-content\/uploads\/elementor\/thumbs\/flor3-qnghl7ccgta6gftpp5k7ih4ecvtsimv0gj0847aco4.png\" \/>\n<meta name=\"twitter:card\" content=\"summary_large_image\" \/>\n<meta name=\"twitter:label1\" content=\"Est. reading time\" \/>\n\t<meta name=\"twitter:data1\" content=\"2 minutes\" \/>\n<script type=\"application\/ld+json\" class=\"yoast-schema-graph\">{\"@context\":\"https:\\\/\\\/schema.org\",\"@graph\":[{\"@type\":\"WebPage\",\"@id\":\"https:\\\/\\\/karlamanzanilla.com\\\/thx-tca\\\/\",\"url\":\"https:\\\/\\\/karlamanzanilla.com\\\/thx-tca\\\/\",\"name\":\"TCA thx - Karla Manzanilla\",\"isPartOf\":{\"@id\":\"https:\\\/\\\/karlamanzanilla.com\\\/#website\"},\"primaryImageOfPage\":{\"@id\":\"https:\\\/\\\/karlamanzanilla.com\\\/thx-tca\\\/#primaryimage\"},\"image\":{\"@id\":\"https:\\\/\\\/karlamanzanilla.com\\\/thx-tca\\\/#primaryimage\"},\"thumbnailUrl\":\"https:\\\/\\\/karlamanzanilla.com\\\/wp-content\\\/uploads\\\/elementor\\\/thumbs\\\/flor3-qnghl7ccgta6gftpp5k7ih4ecvtsimv0gj0847aco4.png\",\"datePublished\":\"2024-07-07T19:48:30+00:00\",\"dateModified\":\"2024-07-08T19:44:40+00:00\",\"breadcrumb\":{\"@id\":\"https:\\\/\\\/karlamanzanilla.com\\\/thx-tca\\\/#breadcrumb\"},\"inLanguage\":\"en-US\",\"potentialAction\":[{\"@type\":\"ReadAction\",\"target\":[\"https:\\\/\\\/karlamanzanilla.com\\\/thx-tca\\\/\"]}]},{\"@type\":\"ImageObject\",\"inLanguage\":\"en-US\",\"@id\":\"https:\\\/\\\/karlamanzanilla.com\\\/thx-tca\\\/#primaryimage\",\"url\":\"https:\\\/\\\/karlamanzanilla.com\\\/wp-content\\\/uploads\\\/elementor\\\/thumbs\\\/flor3-qnghl7ccgta6gftpp5k7ih4ecvtsimv0gj0847aco4.png\",\"contentUrl\":\"https:\\\/\\\/karlamanzanilla.com\\\/wp-content\\\/uploads\\\/elementor\\\/thumbs\\\/flor3-qnghl7ccgta6gftpp5k7ih4ecvtsimv0gj0847aco4.png\"},{\"@type\":\"BreadcrumbList\",\"@id\":\"https:\\\/\\\/karlamanzanilla.com\\\/thx-tca\\\/#breadcrumb\",\"itemListElement\":[{\"@type\":\"ListItem\",\"position\":1,\"name\":\"Portada\",\"item\":\"https:\\\/\\\/karlamanzanilla.com\\\/\"},{\"@type\":\"ListItem\",\"position\":2,\"name\":\"TCA thx\"}]},{\"@type\":\"WebSite\",\"@id\":\"https:\\\/\\\/karlamanzanilla.com\\\/#website\",\"url\":\"https:\\\/\\\/karlamanzanilla.com\\\/\",\"name\":\"Karla Manzanilla\",\"description\":\"Coaching de recuperaci\u00f3n de TCA\",\"publisher\":{\"@id\":\"https:\\\/\\\/karlamanzanilla.com\\\/#\\\/schema\\\/person\\\/bfe531cd33de192499427d82ff8ee49f\"},\"potentialAction\":[{\"@type\":\"SearchAction\",\"target\":{\"@type\":\"EntryPoint\",\"urlTemplate\":\"https:\\\/\\\/karlamanzanilla.com\\\/?s={search_term_string}\"},\"query-input\":{\"@type\":\"PropertyValueSpecification\",\"valueRequired\":true,\"valueName\":\"search_term_string\"}}],\"inLanguage\":\"en-US\"},{\"@type\":[\"Person\",\"Organization\"],\"@id\":\"https:\\\/\\\/karlamanzanilla.com\\\/#\\\/schema\\\/person\\\/bfe531cd33de192499427d82ff8ee49f\",\"name\":\"admin\",\"image\":{\"@type\":\"ImageObject\",\"inLanguage\":\"en-US\",\"@id\":\"https:\\\/\\\/karlamanzanilla.com\\\/wp-content\\\/uploads\\\/2024\\\/04\\\/cropped-logo-karla-1.png\",\"url\":\"https:\\\/\\\/karlamanzanilla.com\\\/wp-content\\\/uploads\\\/2024\\\/04\\\/cropped-logo-karla-1.png\",\"contentUrl\":\"https:\\\/\\\/karlamanzanilla.com\\\/wp-content\\\/uploads\\\/2024\\\/04\\\/cropped-logo-karla-1.png\",\"width\":1920,\"height\":652,\"caption\":\"admin\"},\"logo\":{\"@id\":\"https:\\\/\\\/karlamanzanilla.com\\\/wp-content\\\/uploads\\\/2024\\\/04\\\/cropped-logo-karla-1.png\"},\"sameAs\":[\"https:\\\/\\\/karlamanzanilla.com\"]}]}<\/script>\n<!-- \/ Yoast SEO plugin. -->","yoast_head_json":{"title":"TCA thx - Karla Manzanilla","robots":{"index":"index","follow":"follow","max-snippet":"max-snippet:-1","max-image-preview":"max-image-preview:large","max-video-preview":"max-video-preview:-1"},"canonical":"https:\/\/karlamanzanilla.com\/en\/thx-tca\/","og_locale":"en_US","og_type":"article","og_title":"TCA thx - Karla Manzanilla","og_description":"\u00a1Tenemos m\u00e1s para t\u00ed! Estamos felices de que hayas dado&hellip;  Read more","og_url":"https:\/\/karlamanzanilla.com\/en\/thx-tca\/","og_site_name":"Karla Manzanilla","article_modified_time":"2024-07-08T19:44:40+00:00","og_image":[{"url":"https:\/\/karlamanzanilla.com\/wp-content\/uploads\/elementor\/thumbs\/flor3-qnghl7ccgta6gftpp5k7ih4ecvtsimv0gj0847aco4.png","type":"","width":"","height":""}],"twitter_card":"summary_large_image","twitter_misc":{"Est. reading time":"2 minutes"},"schema":{"@context":"https:\/\/schema.org","@graph":[{"@type":"WebPage","@id":"https:\/\/karlamanzanilla.com\/thx-tca\/","url":"https:\/\/karlamanzanilla.com\/thx-tca\/","name":"TCA thx - Karla Manzanilla","isPartOf":{"@id":"https:\/\/karlamanzanilla.com\/#website"},"primaryImageOfPage":{"@id":"https:\/\/karlamanzanilla.com\/thx-tca\/#primaryimage"},"image":{"@id":"https:\/\/karlamanzanilla.com\/thx-tca\/#primaryimage"},"thumbnailUrl":"https:\/\/karlamanzanilla.com\/wp-content\/uploads\/elementor\/thumbs\/flor3-qnghl7ccgta6gftpp5k7ih4ecvtsimv0gj0847aco4.png","datePublished":"2024-07-07T19:48:30+00:00","dateModified":"2024-07-08T19:44:40+00:00","breadcrumb":{"@id":"https:\/\/karlamanzanilla.com\/thx-tca\/#breadcrumb"},"inLanguage":"en-US","potentialAction":[{"@type":"ReadAction","target":["https:\/\/karlamanzanilla.com\/thx-tca\/"]}]},{"@type":"ImageObject","inLanguage":"en-US","@id":"https:\/\/karlamanzanilla.com\/thx-tca\/#primaryimage","url":"https:\/\/karlamanzanilla.com\/wp-content\/uploads\/elementor\/thumbs\/flor3-qnghl7ccgta6gftpp5k7ih4ecvtsimv0gj0847aco4.png","contentUrl":"https:\/\/karlamanzanilla.com\/wp-content\/uploads\/elementor\/thumbs\/flor3-qnghl7ccgta6gftpp5k7ih4ecvtsimv0gj0847aco4.png"},{"@type":"BreadcrumbList","@id":"https:\/\/karlamanzanilla.com\/thx-tca\/#breadcrumb","itemListElement":[{"@type":"ListItem","position":1,"name":"Portada","item":"https:\/\/karlamanzanilla.com\/"},{"@type":"ListItem","position":2,"name":"TCA thx"}]},{"@type":"WebSite","@id":"https:\/\/karlamanzanilla.com\/#website","url":"https:\/\/karlamanzanilla.com\/","name":"Karla Manzanilla","description":"Coaching de recuperaci\u00f3n de TCA","publisher":{"@id":"https:\/\/karlamanzanilla.com\/#\/schema\/person\/bfe531cd33de192499427d82ff8ee49f"},"potentialAction":[{"@type":"SearchAction","target":{"@type":"EntryPoint","urlTemplate":"https:\/\/karlamanzanilla.com\/?s={search_term_string}"},"query-input":{"@type":"PropertyValueSpecification","valueRequired":true,"valueName":"search_term_string"}}],"inLanguage":"en-US"},{"@type":["Person","Organization"],"@id":"https:\/\/karlamanzanilla.com\/#\/schema\/person\/bfe531cd33de192499427d82ff8ee49f","name":"admin","image":{"@type":"ImageObject","inLanguage":"en-US","@id":"https:\/\/karlamanzanilla.com\/wp-content\/uploads\/2024\/04\/cropped-logo-karla-1.png","url":"https:\/\/karlamanzanilla.com\/wp-content\/uploads\/2024\/04\/cropped-logo-karla-1.png","contentUrl":"https:\/\/karlamanzanilla.com\/wp-content\/uploads\/2024\/04\/cropped-logo-karla-1.png","width":1920,"height":652,"caption":"admin"},"logo":{"@id":"https:\/\/karlamanzanilla.com\/wp-content\/uploads\/2024\/04\/cropped-logo-karla-1.png"},"sameAs":["https:\/\/karlamanzanilla.com"]}]}},"_links":{"self":[{"href":"https:\/\/karlamanzanilla.com\/en\/wp-json\/wp\/v2\/pages\/14350","targetHints":{"allow":["GET"]}}],"collection":[{"href":"https:\/\/karlamanzanilla.com\/en\/wp-json\/wp\/v2\/pages"}],"about":[{"href":"https:\/\/karlamanzanilla.com\/en\/wp-json\/wp\/v2\/types\/page"}],"author":[{"embeddable":true,"href":"https:\/\/karlamanzanilla.com\/en\/wp-json\/wp\/v2\/users\/1"}],"replies":[{"embeddable":true,"href":"https:\/\/karlamanzanilla.com\/en\/wp-json\/wp\/v2\/comments?post=14350"}],"version-history":[{"count":22,"href":"https:\/\/karlamanzanilla.com\/en\/wp-json\/wp\/v2\/pages\/14350\/revisions"}],"predecessor-version":[{"id":14406,"href":"https:\/\/karlamanzanilla.com\/en\/wp-json\/wp\/v2\/pages\/14350\/revisions\/14406"}],"wp:attachment":[{"href":"https:\/\/karlamanzanilla.com\/en\/wp-json\/wp\/v2\/media?parent=14350"}],"curies":[{"name":"wp","href":"https:\/\/api.w.org\/{rel}","templated":true}]}}