{"id":14142,"date":"2024-05-06T14:45:18","date_gmt":"2024-05-06T14:45:18","guid":{"rendered":"https:\/\/karlamanzanilla.com\/?page_id=14142"},"modified":"2024-05-06T18:00:31","modified_gmt":"2024-05-06T18:00:31","slug":"agradecimiento","status":"publish","type":"page","link":"https:\/\/karlamanzanilla.com\/en\/agradecimiento\/","title":{"rendered":"Agradecimiento"},"content":{"rendered":"<div data-elementor-type=\"wp-page\" data-elementor-id=\"14142\" class=\"elementor elementor-14142\" data-elementor-post-type=\"page\">\n\t\t\t\t<div class=\"elementor-element elementor-element-2878791 e-con-full e-flex e-con e-parent\" data-id=\"2878791\" data-element_type=\"container\" data-settings=\"{&quot;background_background&quot;:&quot;classic&quot;}\">\n\t\t<div class=\"elementor-element elementor-element-0cdccd8 e-con-full e-flex e-con e-child\" data-id=\"0cdccd8\" data-element_type=\"container\">\n\t\t\t\t<div class=\"elementor-element elementor-element-c61ae49 elementor-widget elementor-widget-image\" data-id=\"c61ae49\" data-element_type=\"widget\" data-widget_type=\"image.default\">\n\t\t\t\t<div class=\"elementor-widget-container\">\n\t\t\t\t\t\t\t\t\t\t\t\t\t\t\t<img fetchpriority=\"high\" decoding=\"async\" width=\"800\" height=\"568\" src=\"https:\/\/karlamanzanilla.com\/wp-content\/uploads\/2024\/04\/flor3-1024x727.png\" class=\"attachment-large size-large wp-image-13951\" alt=\"\" srcset=\"https:\/\/karlamanzanilla.com\/wp-content\/uploads\/2024\/04\/flor3-1024x727.png 1024w, https:\/\/karlamanzanilla.com\/wp-content\/uploads\/2024\/04\/flor3-300x213.png 300w, https:\/\/karlamanzanilla.com\/wp-content\/uploads\/2024\/04\/flor3-768x545.png 768w, https:\/\/karlamanzanilla.com\/wp-content\/uploads\/2024\/04\/flor3-18x12.png 18w, https:\/\/karlamanzanilla.com\/wp-content\/uploads\/2024\/04\/flor3.png 1157w\" sizes=\"(max-width: 800px) 100vw, 800px\" \/>\t\t\t\t\t\t\t\t\t\t\t\t\t\t\t<\/div>\n\t\t\t\t<\/div>\n\t\t\t\t<\/div>\n\t\t<div class=\"elementor-element elementor-element-1e18fa7 e-con-full e-flex e-con e-child\" data-id=\"1e18fa7\" data-element_type=\"container\">\n\t\t\t\t<div class=\"elementor-element elementor-element-59cfa56 elementor-widget elementor-widget-image\" data-id=\"59cfa56\" data-element_type=\"widget\" data-widget_type=\"image.default\">\n\t\t\t\t<div class=\"elementor-widget-container\">\n\t\t\t\t\t\t\t\t\t\t\t\t\t\t\t<img decoding=\"async\" width=\"800\" height=\"213\" src=\"https:\/\/karlamanzanilla.com\/wp-content\/uploads\/2024\/04\/logo-karla-1-1024x273.png\" class=\"attachment-large size-large wp-image-12000\" alt=\"\" srcset=\"https:\/\/karlamanzanilla.com\/wp-content\/uploads\/2024\/04\/logo-karla-1-1024x273.png 1024w, https:\/\/karlamanzanilla.com\/wp-content\/uploads\/2024\/04\/logo-karla-1-300x80.png 300w, https:\/\/karlamanzanilla.com\/wp-content\/uploads\/2024\/04\/logo-karla-1-768x205.png 768w, https:\/\/karlamanzanilla.com\/wp-content\/uploads\/2024\/04\/logo-karla-1-1536x410.png 1536w, https:\/\/karlamanzanilla.com\/wp-content\/uploads\/2024\/04\/logo-karla-1-2048x547.png 2048w, https:\/\/karlamanzanilla.com\/wp-content\/uploads\/2024\/04\/logo-karla-1.png 1920w\" sizes=\"(max-width: 800px) 100vw, 800px\" \/>\t\t\t\t\t\t\t\t\t\t\t\t\t\t\t<\/div>\n\t\t\t\t<\/div>\n\t\t\t\t<\/div>\n\t\t<div class=\"elementor-element elementor-element-70942ec e-con-full e-flex e-con e-child\" data-id=\"70942ec\" data-element_type=\"container\">\n\t\t\t\t<div class=\"elementor-element elementor-element-d9dcf5f elementor-widget elementor-widget-image\" data-id=\"d9dcf5f\" data-element_type=\"widget\" data-widget_type=\"image.default\">\n\t\t\t\t<div class=\"elementor-widget-container\">\n\t\t\t\t\t\t\t\t\t\t\t\t\t\t\t<img decoding=\"async\" width=\"800\" height=\"452\" src=\"https:\/\/karlamanzanilla.com\/wp-content\/uploads\/2024\/04\/flores-1024x579.png\" class=\"attachment-large size-large wp-image-13940\" alt=\"\" srcset=\"https:\/\/karlamanzanilla.com\/wp-content\/uploads\/2024\/04\/flores-1024x579.png 1024w, https:\/\/karlamanzanilla.com\/wp-content\/uploads\/2024\/04\/flores-300x170.png 300w, https:\/\/karlamanzanilla.com\/wp-content\/uploads\/2024\/04\/flores-768x434.png 768w, https:\/\/karlamanzanilla.com\/wp-content\/uploads\/2024\/04\/flores-18x10.png 18w, https:\/\/karlamanzanilla.com\/wp-content\/uploads\/2024\/04\/flores.png 1028w\" sizes=\"(max-width: 800px) 100vw, 800px\" \/>\t\t\t\t\t\t\t\t\t\t\t\t\t\t\t<\/div>\n\t\t\t\t<\/div>\n\t\t\t\t<\/div>\n\t\t\t\t<\/div>\n\t\t<div class=\"elementor-element elementor-element-cdddd29 e-con-full e-flex e-con e-parent\" data-id=\"cdddd29\" data-element_type=\"container\" data-settings=\"{&quot;background_background&quot;:&quot;classic&quot;}\">\n\t\t<div class=\"elementor-element elementor-element-5d16f5f e-con-full e-flex e-con e-child\" data-id=\"5d16f5f\" data-element_type=\"container\">\n\t\t\t\t<div class=\"elementor-element elementor-element-b47bdf0 elementor-widget elementor-widget-heading\" data-id=\"b47bdf0\" data-element_type=\"widget\" data-widget_type=\"heading.default\">\n\t\t\t\t<div class=\"elementor-widget-container\">\n\t\t\t\t\t<h2 class=\"elementor-heading-title elementor-size-default\"><br><span style=\"font-size: 32px\">\u00a1BIENVENIDA\/O A ESTE VIAJE!<\/span><br><\/h2>\t\t\t\t<\/div>\n\t\t\t\t<\/div>\n\t\t\t\t<div class=\"elementor-element elementor-element-5c8343d elementor-widget elementor-widget-text-editor\" data-id=\"5c8343d\" data-element_type=\"widget\" data-widget_type=\"text-editor.default\">\n\t\t\t\t<div class=\"elementor-widget-container\">\n\t\t\t\t\t\t\t\t\t<p><b>Quiero darte la bienvenida\u00a0<img decoding=\"async\" class=\"emoji\" role=\"img\" draggable=\"false\" src=\"https:\/\/s.w.org\/images\/core\/emoji\/15.0.3\/svg\/1f917.svg\" alt=\"\ud83e\udd17\" \/>\u00a0a este viaje incre\u00edble que se llama\u00a0\u00abArmon\u00edzate con tu cuerpo\u201d, este ser\u00e1 el inicio de el proceso al reconocimiento propio, de retar esos pensamientos e ideas concebidas a largo de tu vida, abrir\u00e1 la puerta a la autoreflexi\u00f3n y te encaminar\u00e1 a la aceptaci\u00f3n de tu verdadero yo y de tu cuerpo.\u00a0<br \/><\/b><\/p><p><span style=\"font-weight: 400;\">Durante tu progreso en la lectura y ejercicios, no dudes en preguntarme o compartir conmigo tus ideas y tus reflexiones. Puedes mandarme un correo <img decoding=\"async\" class=\"emoji\" role=\"img\" draggable=\"false\" src=\"https:\/\/s.w.org\/images\/core\/emoji\/15.0.3\/svg\/1f4ea.svg\" alt=\"\ud83d\udcea\" \/> las veces que necesites apoyo o que te sientas estancada. Quiero que sientas que no estas sola y que hay alguien caminando de tu mano.\u00a0<\/span><\/p><p><span style=\"font-weight: 400;\">Tambi\u00e9n si estas interesada en continuar tu proceso de manera m\u00e1s profunda, te invito a que tengamos una primer llamada <img decoding=\"async\" class=\"emoji\" role=\"img\" draggable=\"false\" src=\"https:\/\/s.w.org\/images\/core\/emoji\/15.0.3\/svg\/1f4f1.svg\" alt=\"\ud83d\udcf1\" \/> virtual totalmente gratuita, en ella podremos conocernos personalmente y evaluar juntas la posibilidad de trabajar en un coaching. Todo esto sin ning\u00fan compromiso y con el \u00fanico objetivo de ayudarte a alcanzar la mas grande y alta versi\u00f3n de ti, la libertad corporal y alimentaria.\u00a0<\/span><\/p><p><span style=\"font-weight: 400;\">De igual manera en mi <\/span><a href=\"https:\/\/karlamanzanilla.com\/en\/\"><span style=\"font-weight: 400;\">p\u00e1gina <\/span><\/a><span style=\"font-weight: 400;\">encontrar\u00e1s contenido gratuito; como el blog <img decoding=\"async\" class=\"emoji\" role=\"img\" draggable=\"false\" src=\"https:\/\/s.w.org\/images\/core\/emoji\/15.0.3\/svg\/1f4c7.svg\" alt=\"\ud83d\udcc7\" \/> , mi podcast <img decoding=\"async\" class=\"emoji\" role=\"img\" draggable=\"false\" src=\"https:\/\/s.w.org\/images\/core\/emoji\/15.0.3\/svg\/1f3a7.svg\" alt=\"\ud83c\udfa7\" \/><\/span><a href=\"https:\/\/open.spotify.com\/show\/4lB3Y28gV9HWIoQ0m3tZ0C?si=b8b0cd91d4554bae\"><span style=\"font-weight: 400;\"> \u201cTe con Manzanilla\u201d<\/span><\/a><span style=\"font-weight: 400;\"> (disponible en Spotify, apple podcast, amazon music, YouTube y iheart radio) y por supuesto sorpresas <img decoding=\"async\" class=\"emoji\" role=\"img\" draggable=\"false\" src=\"https:\/\/s.w.org\/images\/core\/emoji\/15.0.3\/svg\/1f381.svg\" alt=\"\ud83c\udf81\" \/> por venir, que estoy segura ser\u00e1n de utilidad para ti si decides hacer el proceso de manera individual. <\/span><\/p><p><span style=\"font-weight: 400;\">Lo m\u00e1s importante ahora es que comiences tu proceso de libertad, que crezca tu autoconocimiento, que reconozcas el valor que ya tienes, y por supuesto que dejes atr\u00e1s todas esas conductas de riesgo que te alejan de ser verdaderamente quien eres.\u00a0<\/span><\/p><p><span style=\"font-weight: 400;\">No olvides que tu eres mucho m\u00e1s que un cuerpo, eres una creaci\u00f3n maravillosa y tu valor radica en el ser t\u00fa. <\/span><\/p><p><span style=\"font-weight: 400;\"><img decoding=\"async\" class=\"emoji\" role=\"img\" draggable=\"false\" src=\"https:\/\/s.w.org\/images\/core\/emoji\/15.0.3\/svg\/1faf6-1f3fd.svg\" alt=\"\ud83e\udef6\ud83c\udffd\" \/> <strong>Estoy aqu\u00ed para ti, cuando necesites una mano.\u00a0<\/strong><\/span><\/p><p><b>Con cari\u00f1o <img decoding=\"async\" class=\"emoji\" role=\"img\" draggable=\"false\" src=\"https:\/\/s.w.org\/images\/core\/emoji\/15.0.3\/svg\/1f970.svg\" alt=\"\ud83e\udd70\" \/> Karla Manzanilla<\/b><\/p>\t\t\t\t\t\t\t\t<\/div>\n\t\t\t\t<\/div>\n\t\t\t\t<div class=\"elementor-element elementor-element-79c1ea7 elementor-widget__width-initial elementor-widget-mobile__width-initial elementor-widget elementor-widget-image\" data-id=\"79c1ea7\" data-element_type=\"widget\" data-widget_type=\"image.default\">\n\t\t\t\t<div class=\"elementor-widget-container\">\n\t\t\t\t\t\t\t\t\t\t\t\t\t\t\t<img loading=\"lazy\" decoding=\"async\" width=\"680\" height=\"1024\" src=\"https:\/\/karlamanzanilla.com\/wp-content\/uploads\/2024\/04\/foto1-680x1024.jpg\" class=\"attachment-large size-large wp-image-12074\" alt=\"\" srcset=\"https:\/\/karlamanzanilla.com\/wp-content\/uploads\/2024\/04\/foto1-680x1024.jpg 680w, https:\/\/karlamanzanilla.com\/wp-content\/uploads\/2024\/04\/foto1-199x300.jpg 199w, https:\/\/karlamanzanilla.com\/wp-content\/uploads\/2024\/04\/foto1-768x1156.jpg 768w, https:\/\/karlamanzanilla.com\/wp-content\/uploads\/2024\/04\/foto1.jpg 788w\" sizes=\"(max-width: 680px) 100vw, 680px\" \/>\t\t\t\t\t\t\t\t\t\t\t\t\t\t\t<\/div>\n\t\t\t\t<\/div>\n\t\t\t\t<div class=\"elementor-element elementor-element-f89ce06 elementor-widget elementor-widget-text-editor\" data-id=\"f89ce06\" data-element_type=\"widget\" data-widget_type=\"text-editor.default\">\n\t\t\t\t<div class=\"elementor-widget-container\">\n\t\t\t\t\t\t\t\t\t<p><strong>Follow me<\/strong><\/p><p><strong>Email: coachkarla@karlamanzanilla.com<\/strong><\/p>\t\t\t\t\t\t\t\t<\/div>\n\t\t\t\t<\/div>\n\t\t\t\t<div class=\"elementor-element elementor-element-9324e0e elementor-shape-circle elementor-grid-0 e-grid-align-center elementor-widget elementor-widget-social-icons\" data-id=\"9324e0e\" data-element_type=\"widget\" data-widget_type=\"social-icons.default\">\n\t\t\t\t<div class=\"elementor-widget-container\">\n\t\t\t\t\t\t\t<div class=\"elementor-social-icons-wrapper elementor-grid\" role=\"list\">\n\t\t\t\t\t\t\t<span class=\"elementor-grid-item\" role=\"listitem\">\n\t\t\t\t\t<a class=\"elementor-icon elementor-social-icon elementor-social-icon-facebook elementor-repeater-item-42d3359\" href=\"https:\/\/www.facebook.com\/1KarlaManzanilla\/\" target=\"_blank\">\n\t\t\t\t\t\t<span class=\"elementor-screen-only\">Facebook<\/span>\n\t\t\t\t\t\t<svg aria-hidden=\"true\" class=\"e-font-icon-svg e-fab-facebook\" viewbox=\"0 0 512 512\" xmlns=\"http:\/\/www.w3.org\/2000\/svg\"><path d=\"M504 256C504 119 393 8 256 8S8 119 8 256c0 123.78 90.69 226.38 209.25 245V327.69h-63V256h63v-54.64c0-62.15 37-96.48 93.67-96.48 27.14 0 55.52 4.84 55.52 4.84v61h-31.28c-30.8 0-40.41 19.12-40.41 38.73V256h68.78l-11 71.69h-57.78V501C413.31 482.38 504 379.78 504 256z\"><\/path><\/svg>\t\t\t\t\t<\/a>\n\t\t\t\t<\/span>\n\t\t\t\t\t\t\t<span class=\"elementor-grid-item\" role=\"listitem\">\n\t\t\t\t\t<a class=\"elementor-icon elementor-social-icon elementor-social-icon-instagram elementor-repeater-item-8aaef25\" href=\"https:\/\/www.instagram.com\/kar_manz\/?igshid=YmMyMTA2M2Y%3D\" target=\"_blank\">\n\t\t\t\t\t\t<span class=\"elementor-screen-only\">Instagram<\/span>\n\t\t\t\t\t\t<svg aria-hidden=\"true\" class=\"e-font-icon-svg e-fab-instagram\" viewbox=\"0 0 448 512\" xmlns=\"http:\/\/www.w3.org\/2000\/svg\"><path d=\"M224.1 141c-63.6 0-114.9 51.3-114.9 114.9s51.3 114.9 114.9 114.9S339 319.5 339 255.9 287.7 141 224.1 141zm0 189.6c-41.1 0-74.7-33.5-74.7-74.7s33.5-74.7 74.7-74.7 74.7 33.5 74.7 74.7-33.6 74.7-74.7 74.7zm146.4-194.3c0 14.9-12 26.8-26.8 26.8-14.9 0-26.8-12-26.8-26.8s12-26.8 26.8-26.8 26.8 12 26.8 26.8zm76.1 27.2c-1.7-35.9-9.9-67.7-36.2-93.9-26.2-26.2-58-34.4-93.9-36.2-37-2.1-147.9-2.1-184.9 0-35.8 1.7-67.6 9.9-93.9 36.1s-34.4 58-36.2 93.9c-2.1 37-2.1 147.9 0 184.9 1.7 35.9 9.9 67.7 36.2 93.9s58 34.4 93.9 36.2c37 2.1 147.9 2.1 184.9 0 35.9-1.7 67.7-9.9 93.9-36.2 26.2-26.2 34.4-58 36.2-93.9 2.1-37 2.1-147.8 0-184.8zM398.8 388c-7.8 19.6-22.9 34.7-42.6 42.6-29.5 11.7-99.5 9-132.1 9s-102.7 2.6-132.1-9c-19.6-7.8-34.7-22.9-42.6-42.6-11.7-29.5-9-99.5-9-132.1s-2.6-102.7 9-132.1c7.8-19.6 22.9-34.7 42.6-42.6 29.5-11.7 99.5-9 132.1-9s102.7-2.6 132.1 9c19.6 7.8 34.7 22.9 42.6 42.6 11.7 29.5 9 99.5 9 132.1s2.7 102.7-9 132.1z\"><\/path><\/svg>\t\t\t\t\t<\/a>\n\t\t\t\t<\/span>\n\t\t\t\t\t\t\t<span class=\"elementor-grid-item\" role=\"listitem\">\n\t\t\t\t\t<a class=\"elementor-icon elementor-social-icon elementor-social-icon-spotify elementor-repeater-item-8cdbc75\" href=\"https:\/\/podcasters.spotify.com\/pod\/show\/karla5890\" target=\"_blank\">\n\t\t\t\t\t\t<span class=\"elementor-screen-only\">Spotify<\/span>\n\t\t\t\t\t\t<svg aria-hidden=\"true\" class=\"e-font-icon-svg e-fab-spotify\" viewbox=\"0 0 496 512\" xmlns=\"http:\/\/www.w3.org\/2000\/svg\"><path d=\"M248 8C111.1 8 0 119.1 0 256s111.1 248 248 248 248-111.1 248-248S384.9 8 248 8zm100.7 364.9c-4.2 0-6.8-1.3-10.7-3.6-62.4-37.6-135-39.2-206.7-24.5-3.9 1-9 2.6-11.9 2.6-9.7 0-15.8-7.7-15.8-15.8 0-10.3 6.1-15.2 13.6-16.8 81.9-18.1 165.6-16.5 237 26.2 6.1 3.9 9.7 7.4 9.7 16.5s-7.1 15.4-15.2 15.4zm26.9-65.6c-5.2 0-8.7-2.3-12.3-4.2-62.5-37-155.7-51.9-238.6-29.4-4.8 1.3-7.4 2.6-11.9 2.6-10.7 0-19.4-8.7-19.4-19.4s5.2-17.8 15.5-20.7c27.8-7.8 56.2-13.6 97.8-13.6 64.9 0 127.6 16.1 177 45.5 8.1 4.8 11.3 11 11.3 19.7-.1 10.8-8.5 19.5-19.4 19.5zm31-76.2c-5.2 0-8.4-1.3-12.9-3.9-71.2-42.5-198.5-52.7-280.9-29.7-3.6 1-8.1 2.6-12.9 2.6-13.2 0-23.3-10.3-23.3-23.6 0-13.6 8.4-21.3 17.4-23.9 35.2-10.3 74.6-15.2 117.5-15.2 73 0 149.5 15.2 205.4 47.8 7.8 4.5 12.9 10.7 12.9 22.6 0 13.6-11 23.3-23.2 23.3z\"><\/path><\/svg>\t\t\t\t\t<\/a>\n\t\t\t\t<\/span>\n\t\t\t\t\t\t\t<span class=\"elementor-grid-item\" role=\"listitem\">\n\t\t\t\t\t<a class=\"elementor-icon elementor-social-icon elementor-social-icon-youtube elementor-repeater-item-501153a\" href=\"https:\/\/www.youtube.com\/@karlamanzanilla\" target=\"_blank\">\n\t\t\t\t\t\t<span class=\"elementor-screen-only\">Youtube<\/span>\n\t\t\t\t\t\t<svg aria-hidden=\"true\" class=\"e-font-icon-svg e-fab-youtube\" viewbox=\"0 0 576 512\" xmlns=\"http:\/\/www.w3.org\/2000\/svg\"><path d=\"M549.655 124.083c-6.281-23.65-24.787-42.276-48.284-48.597C458.781 64 288 64 288 64S117.22 64 74.629 75.486c-23.497 6.322-42.003 24.947-48.284 48.597-11.412 42.867-11.412 132.305-11.412 132.305s0 89.438 11.412 132.305c6.281 23.65 24.787 41.5 48.284 47.821C117.22 448 288 448 288 448s170.78 0 213.371-11.486c23.497-6.321 42.003-24.171 48.284-47.821 11.412-42.867 11.412-132.305 11.412-132.305s0-89.438-11.412-132.305zm-317.51 213.508V175.185l142.739 81.205-142.739 81.201z\"><\/path><\/svg>\t\t\t\t\t<\/a>\n\t\t\t\t<\/span>\n\t\t\t\t\t<\/div>\n\t\t\t\t\t\t<\/div>\n\t\t\t\t<\/div>\n\t\t\t\t<\/div>\n\t\t\t\t<\/div>\n\t\t\t\t<\/div>","protected":false},"excerpt":{"rendered":"<p>\u00a1BIENVENIDA\/O A ESTE VIAJE! Quiero darte la bienvenida\u00a0\u00a0a este viaje&hellip;<\/p>\n<p> <a class=\"more-link\" href=\"https:\/\/karlamanzanilla.com\/en\/agradecimiento\/\">Read more<\/a><\/p>","protected":false},"author":1,"featured_media":0,"parent":0,"menu_order":0,"comment_status":"closed","ping_status":"closed","template":"","meta":{"footnotes":""},"class_list":["post-14142","page","type-page","status-publish"],"yoast_head":"<!-- This site is optimized with the Yoast SEO plugin v27.3 - https:\/\/yoast.com\/product\/yoast-seo-wordpress\/ -->\n<title>Agradecimiento - Karla Manzanilla<\/title>\n<meta name=\"robots\" content=\"index, follow, max-snippet:-1, max-image-preview:large, max-video-preview:-1\" \/>\n<link rel=\"canonical\" href=\"https:\/\/karlamanzanilla.com\/en\/agradecimiento\/\" \/>\n<meta property=\"og:locale\" content=\"en_US\" \/>\n<meta property=\"og:type\" content=\"article\" \/>\n<meta property=\"og:title\" content=\"Agradecimiento - Karla Manzanilla\" \/>\n<meta property=\"og:description\" content=\"\u00a1BIENVENIDA\/O A ESTE VIAJE! Quiero darte la bienvenida\u00a0\u00a0a este viaje&hellip;  Read more\" \/>\n<meta property=\"og:url\" content=\"https:\/\/karlamanzanilla.com\/en\/agradecimiento\/\" \/>\n<meta property=\"og:site_name\" content=\"Karla Manzanilla\" \/>\n<meta property=\"article:modified_time\" content=\"2024-05-06T18:00:31+00:00\" \/>\n<meta property=\"og:image\" content=\"https:\/\/karlamanzanilla.com\/wp-content\/uploads\/2024\/04\/flor3-1024x727.png\" \/>\n<meta name=\"twitter:card\" content=\"summary_large_image\" \/>\n<meta name=\"twitter:label1\" content=\"Est. reading time\" \/>\n\t<meta name=\"twitter:data1\" content=\"2 minutes\" \/>\n<script type=\"application\/ld+json\" class=\"yoast-schema-graph\">{\"@context\":\"https:\\\/\\\/schema.org\",\"@graph\":[{\"@type\":\"WebPage\",\"@id\":\"https:\\\/\\\/karlamanzanilla.com\\\/agradecimiento\\\/\",\"url\":\"https:\\\/\\\/karlamanzanilla.com\\\/agradecimiento\\\/\",\"name\":\"Agradecimiento - Karla Manzanilla\",\"isPartOf\":{\"@id\":\"https:\\\/\\\/karlamanzanilla.com\\\/#website\"},\"primaryImageOfPage\":{\"@id\":\"https:\\\/\\\/karlamanzanilla.com\\\/agradecimiento\\\/#primaryimage\"},\"image\":{\"@id\":\"https:\\\/\\\/karlamanzanilla.com\\\/agradecimiento\\\/#primaryimage\"},\"thumbnailUrl\":\"https:\\\/\\\/karlamanzanilla.com\\\/wp-content\\\/uploads\\\/2024\\\/04\\\/flor3-1024x727.png\",\"datePublished\":\"2024-05-06T14:45:18+00:00\",\"dateModified\":\"2024-05-06T18:00:31+00:00\",\"breadcrumb\":{\"@id\":\"https:\\\/\\\/karlamanzanilla.com\\\/agradecimiento\\\/#breadcrumb\"},\"inLanguage\":\"en-US\",\"potentialAction\":[{\"@type\":\"ReadAction\",\"target\":[\"https:\\\/\\\/karlamanzanilla.com\\\/agradecimiento\\\/\"]}]},{\"@type\":\"ImageObject\",\"inLanguage\":\"en-US\",\"@id\":\"https:\\\/\\\/karlamanzanilla.com\\\/agradecimiento\\\/#primaryimage\",\"url\":\"https:\\\/\\\/karlamanzanilla.com\\\/wp-content\\\/uploads\\\/2024\\\/04\\\/flor3-1024x727.png\",\"contentUrl\":\"https:\\\/\\\/karlamanzanilla.com\\\/wp-content\\\/uploads\\\/2024\\\/04\\\/flor3-1024x727.png\"},{\"@type\":\"BreadcrumbList\",\"@id\":\"https:\\\/\\\/karlamanzanilla.com\\\/agradecimiento\\\/#breadcrumb\",\"itemListElement\":[{\"@type\":\"ListItem\",\"position\":1,\"name\":\"Portada\",\"item\":\"https:\\\/\\\/karlamanzanilla.com\\\/\"},{\"@type\":\"ListItem\",\"position\":2,\"name\":\"Agradecimiento\"}]},{\"@type\":\"WebSite\",\"@id\":\"https:\\\/\\\/karlamanzanilla.com\\\/#website\",\"url\":\"https:\\\/\\\/karlamanzanilla.com\\\/\",\"name\":\"Karla Manzanilla\",\"description\":\"Coaching de recuperaci\u00f3n de TCA\",\"publisher\":{\"@id\":\"https:\\\/\\\/karlamanzanilla.com\\\/#\\\/schema\\\/person\\\/bfe531cd33de192499427d82ff8ee49f\"},\"potentialAction\":[{\"@type\":\"SearchAction\",\"target\":{\"@type\":\"EntryPoint\",\"urlTemplate\":\"https:\\\/\\\/karlamanzanilla.com\\\/?s={search_term_string}\"},\"query-input\":{\"@type\":\"PropertyValueSpecification\",\"valueRequired\":true,\"valueName\":\"search_term_string\"}}],\"inLanguage\":\"en-US\"},{\"@type\":[\"Person\",\"Organization\"],\"@id\":\"https:\\\/\\\/karlamanzanilla.com\\\/#\\\/schema\\\/person\\\/bfe531cd33de192499427d82ff8ee49f\",\"name\":\"admin\",\"image\":{\"@type\":\"ImageObject\",\"inLanguage\":\"en-US\",\"@id\":\"https:\\\/\\\/karlamanzanilla.com\\\/wp-content\\\/uploads\\\/2024\\\/04\\\/cropped-logo-karla-1.png\",\"url\":\"https:\\\/\\\/karlamanzanilla.com\\\/wp-content\\\/uploads\\\/2024\\\/04\\\/cropped-logo-karla-1.png\",\"contentUrl\":\"https:\\\/\\\/karlamanzanilla.com\\\/wp-content\\\/uploads\\\/2024\\\/04\\\/cropped-logo-karla-1.png\",\"width\":1920,\"height\":652,\"caption\":\"admin\"},\"logo\":{\"@id\":\"https:\\\/\\\/karlamanzanilla.com\\\/wp-content\\\/uploads\\\/2024\\\/04\\\/cropped-logo-karla-1.png\"},\"sameAs\":[\"https:\\\/\\\/karlamanzanilla.com\"]}]}<\/script>\n<!-- \/ Yoast SEO plugin. -->","yoast_head_json":{"title":"Agradecimiento - Karla Manzanilla","robots":{"index":"index","follow":"follow","max-snippet":"max-snippet:-1","max-image-preview":"max-image-preview:large","max-video-preview":"max-video-preview:-1"},"canonical":"https:\/\/karlamanzanilla.com\/en\/agradecimiento\/","og_locale":"en_US","og_type":"article","og_title":"Agradecimiento - Karla Manzanilla","og_description":"\u00a1BIENVENIDA\/O A ESTE VIAJE! Quiero darte la bienvenida\u00a0\u00a0a este viaje&hellip;  Read more","og_url":"https:\/\/karlamanzanilla.com\/en\/agradecimiento\/","og_site_name":"Karla Manzanilla","article_modified_time":"2024-05-06T18:00:31+00:00","og_image":[{"url":"https:\/\/karlamanzanilla.com\/wp-content\/uploads\/2024\/04\/flor3-1024x727.png","type":"","width":"","height":""}],"twitter_card":"summary_large_image","twitter_misc":{"Est. reading time":"2 minutes"},"schema":{"@context":"https:\/\/schema.org","@graph":[{"@type":"WebPage","@id":"https:\/\/karlamanzanilla.com\/agradecimiento\/","url":"https:\/\/karlamanzanilla.com\/agradecimiento\/","name":"Agradecimiento - Karla Manzanilla","isPartOf":{"@id":"https:\/\/karlamanzanilla.com\/#website"},"primaryImageOfPage":{"@id":"https:\/\/karlamanzanilla.com\/agradecimiento\/#primaryimage"},"image":{"@id":"https:\/\/karlamanzanilla.com\/agradecimiento\/#primaryimage"},"thumbnailUrl":"https:\/\/karlamanzanilla.com\/wp-content\/uploads\/2024\/04\/flor3-1024x727.png","datePublished":"2024-05-06T14:45:18+00:00","dateModified":"2024-05-06T18:00:31+00:00","breadcrumb":{"@id":"https:\/\/karlamanzanilla.com\/agradecimiento\/#breadcrumb"},"inLanguage":"en-US","potentialAction":[{"@type":"ReadAction","target":["https:\/\/karlamanzanilla.com\/agradecimiento\/"]}]},{"@type":"ImageObject","inLanguage":"en-US","@id":"https:\/\/karlamanzanilla.com\/agradecimiento\/#primaryimage","url":"https:\/\/karlamanzanilla.com\/wp-content\/uploads\/2024\/04\/flor3-1024x727.png","contentUrl":"https:\/\/karlamanzanilla.com\/wp-content\/uploads\/2024\/04\/flor3-1024x727.png"},{"@type":"BreadcrumbList","@id":"https:\/\/karlamanzanilla.com\/agradecimiento\/#breadcrumb","itemListElement":[{"@type":"ListItem","position":1,"name":"Portada","item":"https:\/\/karlamanzanilla.com\/"},{"@type":"ListItem","position":2,"name":"Agradecimiento"}]},{"@type":"WebSite","@id":"https:\/\/karlamanzanilla.com\/#website","url":"https:\/\/karlamanzanilla.com\/","name":"Karla Manzanilla","description":"Coaching de recuperaci\u00f3n de TCA","publisher":{"@id":"https:\/\/karlamanzanilla.com\/#\/schema\/person\/bfe531cd33de192499427d82ff8ee49f"},"potentialAction":[{"@type":"SearchAction","target":{"@type":"EntryPoint","urlTemplate":"https:\/\/karlamanzanilla.com\/?s={search_term_string}"},"query-input":{"@type":"PropertyValueSpecification","valueRequired":true,"valueName":"search_term_string"}}],"inLanguage":"en-US"},{"@type":["Person","Organization"],"@id":"https:\/\/karlamanzanilla.com\/#\/schema\/person\/bfe531cd33de192499427d82ff8ee49f","name":"admin","image":{"@type":"ImageObject","inLanguage":"en-US","@id":"https:\/\/karlamanzanilla.com\/wp-content\/uploads\/2024\/04\/cropped-logo-karla-1.png","url":"https:\/\/karlamanzanilla.com\/wp-content\/uploads\/2024\/04\/cropped-logo-karla-1.png","contentUrl":"https:\/\/karlamanzanilla.com\/wp-content\/uploads\/2024\/04\/cropped-logo-karla-1.png","width":1920,"height":652,"caption":"admin"},"logo":{"@id":"https:\/\/karlamanzanilla.com\/wp-content\/uploads\/2024\/04\/cropped-logo-karla-1.png"},"sameAs":["https:\/\/karlamanzanilla.com"]}]}},"_links":{"self":[{"href":"https:\/\/karlamanzanilla.com\/en\/wp-json\/wp\/v2\/pages\/14142","targetHints":{"allow":["GET"]}}],"collection":[{"href":"https:\/\/karlamanzanilla.com\/en\/wp-json\/wp\/v2\/pages"}],"about":[{"href":"https:\/\/karlamanzanilla.com\/en\/wp-json\/wp\/v2\/types\/page"}],"author":[{"embeddable":true,"href":"https:\/\/karlamanzanilla.com\/en\/wp-json\/wp\/v2\/users\/1"}],"replies":[{"embeddable":true,"href":"https:\/\/karlamanzanilla.com\/en\/wp-json\/wp\/v2\/comments?post=14142"}],"version-history":[{"count":0,"href":"https:\/\/karlamanzanilla.com\/en\/wp-json\/wp\/v2\/pages\/14142\/revisions"}],"wp:attachment":[{"href":"https:\/\/karlamanzanilla.com\/en\/wp-json\/wp\/v2\/media?parent=14142"}],"curies":[{"name":"wp","href":"https:\/\/api.w.org\/{rel}","templated":true}]}}